{"id":138,"date":"2026-03-10T19:28:19","date_gmt":"2026-03-10T19:28:19","guid":{"rendered":"https:\/\/hammamitranslift.com\/?page_id=138"},"modified":"2026-03-10T19:32:20","modified_gmt":"2026-03-10T19:32:20","slug":"contact","status":"publish","type":"page","link":"https:\/\/hammamitranslift.com\/index.php\/contact\/","title":{"rendered":"Contact"},"content":{"rendered":"<p>[et_pb_section fb_built=&#8221;1&#8243; _builder_version=&#8221;4.27.5&#8243; _module_preset=&#8221;default&#8221; custom_margin=&#8221;0px||0px||true|false&#8221; custom_margin_tablet=&#8221;0px||0px||true|false&#8221; custom_margin_phone=&#8221;-40px||0px||false|false&#8221; custom_margin_last_edited=&#8221;on|phone&#8221; custom_padding=&#8221;0px||0px||true|false&#8221; global_colors_info=&#8221;{}&#8221;][et_pb_row _builder_version=&#8221;4.27.5&#8243; _module_preset=&#8221;default&#8221; custom_margin=&#8221;0px||0px||false|false&#8221; custom_padding=&#8221;0px||0px||false|false&#8221; global_colors_info=&#8221;{}&#8221;][et_pb_column type=&#8221;4_4&#8243; _builder_version=&#8221;4.27.5&#8243; _module_preset=&#8221;default&#8221; global_colors_info=&#8221;{}&#8221;][et_pb_code _builder_version=&#8221;4.27.5&#8243; _module_preset=&#8221;default&#8221; global_colors_info=&#8221;{}&#8221;]<\/p>\n<div class=\"custom-header-wrapper\"><!-- [et_pb_line_break_holder] -->  <\/p>\n<header class=\"custom-header\"><!-- [et_pb_line_break_holder] -->    <\/p>\n<div class=\"header-container\"><!-- [et_pb_line_break_holder] -->      <!-- [et_pb_line_break_holder] -->      <\/p>\n<div class=\"logo\"><!-- [et_pb_line_break_holder] -->        <a href=\"\/\"><!-- [et_pb_line_break_holder] -->          <img decoding=\"async\" src=\"http:\/\/hammamitranslift.com\/wp-content\/uploads\/2026\/03\/Logo-hammaami-translift-W.png\" class=\"logo-v1\" alt=\"Logo White\"><!-- [et_pb_line_break_holder] -->          <img decoding=\"async\" src=\"http:\/\/hammamitranslift.com\/wp-content\/uploads\/2026\/03\/Logo-hammaami-translift.png\" class=\"logo-v2\" alt=\"Logo Colored\"><!-- [et_pb_line_break_holder] -->        <\/a><!-- [et_pb_line_break_holder] -->      <\/div>\n<p><!-- [et_pb_line_break_holder] -->      <!-- [et_pb_line_break_holder] -->      <\/p>\n<nav class=\"nav-menu\"><!-- [et_pb_line_break_holder] -->        <\/p>\n<ul class=\"desktop-nav-list\"><!-- [et_pb_line_break_holder] -->          <\/p>\n<li><a href=\"#\">Accueil<\/a><\/li>\n<p><!-- [et_pb_line_break_holder] -->          <\/p>\n<li><a href=\"#\">A Propos<\/a><\/li>\n<p><!-- [et_pb_line_break_holder] -->          <\/p>\n<li><a href=\"#\">Services<\/a><\/li>\n<p><!-- [et_pb_line_break_holder] -->          <\/p>\n<li><a href=\"#\" class=\"cta-button\">Contactez-Nous<\/a><\/li>\n<p><!-- [et_pb_line_break_holder] -->        <\/ul>\n<p><!-- [et_pb_line_break_holder] -->      <\/nav>\n<p><!-- [et_pb_line_break_holder] -->      <!-- [et_pb_line_break_holder] -->      <\/p>\n<div class=\"nav-toggle\" id=\"mobile-toggle\"><!-- [et_pb_line_break_holder] -->        <\/p>\n<div class=\"bar1\"><\/div>\n<p><!-- [et_pb_line_break_holder] -->        <\/p>\n<div class=\"bar2\"><\/div>\n<p><!-- [et_pb_line_break_holder] -->        <\/p>\n<div class=\"bar3\"><\/div>\n<p><!-- [et_pb_line_break_holder] -->      <\/div>\n<p><!-- [et_pb_line_break_holder] -->      <!-- [et_pb_line_break_holder] -->    <\/div>\n<p><!-- [et_pb_line_break_holder] -->  <\/header>\n<p><!-- [et_pb_line_break_holder] --><\/div>\n<p><!-- [et_pb_line_break_holder] --><!-- [et_pb_line_break_holder] --><\/p>\n<style><!-- [et_pb_line_break_holder] -->\/* --- BASE & DESKTOP --- *\/<!-- [et_pb_line_break_holder] -->.custom-header {<!-- [et_pb_line_break_holder] -->  position: fixed;<!-- [et_pb_line_break_holder] -->  top: 01;<!-- [et_pb_line_break_holder] -->  left: 0;<!-- [et_pb_line_break_holder] -->  width: 100%;<!-- [et_pb_line_break_holder] -->  z-index: 99999;<!-- [et_pb_line_break_holder] -->  padding: 25px 0;<!-- [et_pb_line_break_holder] -->  transition: all 0.4s ease;<!-- [et_pb_line_break_holder] -->  background: rgba(255, 255, 255, 0.05);<!-- [et_pb_line_break_holder] -->  backdrop-filter: blur(8px);<!-- [et_pb_line_break_holder] -->  -webkit-backdrop-filter: blur(8px);<!-- [et_pb_line_break_holder] -->}<!-- [et_pb_line_break_holder] --><!-- [et_pb_line_break_holder] -->.custom-header.scrolled {<!-- [et_pb_line_break_holder] -->  padding: 12px 0;<!-- [et_pb_line_break_holder] -->  background: #ffffff;<!-- [et_pb_line_break_holder] -->  box-shadow: 0 4px 15px rgba(0,0,0,0.1);<!-- [et_pb_line_break_holder] -->  backdrop-filter: none;<!-- [et_pb_line_break_holder] -->}<!-- [et_pb_line_break_holder] --><!-- [et_pb_line_break_holder] -->.header-container {<!-- [et_pb_line_break_holder] -->  display: flex;<!-- [et_pb_line_break_holder] -->  justify-content: space-between;<!-- [et_pb_line_break_holder] -->  align-items: center;<!-- [et_pb_line_break_holder] -->  max-width: 1200px;<!-- [et_pb_line_break_holder] -->  width: 90%;<!-- [et_pb_line_break_holder] -->  margin: 0 auto;<!-- [et_pb_line_break_holder] -->}<!-- [et_pb_line_break_holder] --><!-- [et_pb_line_break_holder] -->\/* --- LOGO --- *\/<!-- [et_pb_line_break_holder] -->.logo-v2 { display: none; }<!-- [et_pb_line_break_holder] -->.logo-v1 { display: block; max-height: 70px; width: auto; }<!-- [et_pb_line_break_holder] -->.custom-header.scrolled .logo-v1 { display: none; }<!-- [et_pb_line_break_holder] -->.custom-header.scrolled .logo-v2 { display: block; max-height: 60px; width: auto; }<!-- [et_pb_line_break_holder] --><!-- [et_pb_line_break_holder] -->\/* --- MENU LINKS --- *\/<!-- [et_pb_line_break_holder] -->.nav-menu ul.desktop-nav-list {<!-- [et_pb_line_break_holder] -->  display: flex !important;<!-- [et_pb_line_break_holder] -->  flex-direction: row !important;<!-- [et_pb_line_break_holder] -->  align-items: center;<!-- [et_pb_line_break_holder] -->  list-style: none !important;<!-- [et_pb_line_break_holder] -->  margin: 0;<!-- [et_pb_line_break_holder] -->  padding: 0;<!-- [et_pb_line_break_holder] -->}<!-- [et_pb_line_break_holder] --><!-- [et_pb_line_break_holder] -->.nav-menu ul li a {<!-- [et_pb_line_break_holder] -->  margin-left: 30px;<!-- [et_pb_line_break_holder] -->  text-decoration: none;<!-- [et_pb_line_break_holder] -->  color: #ffffff;<!-- [et_pb_line_break_holder] -->  font-weight: 600;<!-- [et_pb_line_break_holder] -->  font-size: 15px;<!-- [et_pb_line_break_holder] -->  transition: 0.3s;<!-- [et_pb_line_break_holder] -->}<!-- [et_pb_line_break_holder] --><!-- [et_pb_line_break_holder] -->.custom-header.scrolled .nav-menu ul li a {<!-- [et_pb_line_break_holder] -->  color: #222222;<!-- [et_pb_line_break_holder] -->}<!-- [et_pb_line_break_holder] --><!-- [et_pb_line_break_holder] -->\/* --- CTA BUTTON --- *\/<!-- [et_pb_line_break_holder] -->.nav-menu ul li a.cta-button {<!-- [et_pb_line_break_holder] -->  background: #e09900;<!-- [et_pb_line_break_holder] -->  color: #fff !important;<!-- [et_pb_line_break_holder] -->  padding: 10px 22px;<!-- [et_pb_line_break_holder] -->  border-radius: 4px;<!-- [et_pb_line_break_holder] -->  margin-left: 35px;<!-- [et_pb_line_break_holder] -->}<!-- [et_pb_line_break_holder] --><!-- [et_pb_line_break_holder] -->\/* --- MOBILE TOGGLE (The Burger) --- *\/<!-- [et_pb_line_break_holder] -->.nav-toggle {<!-- [et_pb_line_break_holder] -->  display: none;<!-- [et_pb_line_break_holder] -->  cursor: pointer;<!-- [et_pb_line_break_holder] -->  z-index: 100001; \/* Higher than the nav-menu *\/<!-- [et_pb_line_break_holder] -->  position: relative;<!-- [et_pb_line_break_holder] -->}<!-- [et_pb_line_break_holder] --><!-- [et_pb_line_break_holder] -->.nav-toggle div {<!-- [et_pb_line_break_holder] -->  width: 25px;<!-- [et_pb_line_break_holder] -->  height: 2px;<!-- [et_pb_line_break_holder] -->  background-color: #ffffff; \/* White at top *\/<!-- [et_pb_line_break_holder] -->  margin: 6px 0;<!-- [et_pb_line_break_holder] -->  transition: 0.4s;<!-- [et_pb_line_break_holder] -->}<!-- [et_pb_line_break_holder] --><!-- [et_pb_line_break_holder] -->\/* Make burger visible when scrolled or when menu is open *\/<!-- [et_pb_line_break_holder] -->.custom-header.scrolled .nav-toggle div,<!-- [et_pb_line_break_holder] -->.nav-toggle.open div {<!-- [et_pb_line_break_holder] -->  background-color: #222 !important;<!-- [et_pb_line_break_holder] -->}<!-- [et_pb_line_break_holder] --><!-- [et_pb_line_break_holder] -->\/* --- RESPONSIVE \/ MOBILE --- *\/<!-- [et_pb_line_break_holder] -->@media (max-width: 980px) {<!-- [et_pb_line_break_holder] -->  .nav-toggle { display: block; }<!-- [et_pb_line_break_holder] -->  <!-- [et_pb_line_break_holder] -->  .nav-menu {<!-- [et_pb_line_break_holder] -->    position: fixed;<!-- [et_pb_line_break_holder] -->    top: 0;<!-- [et_pb_line_break_holder] -->    right: -100%;<!-- [et_pb_line_break_holder] -->    width: 280px;<!-- [et_pb_line_break_holder] -->    height: 100vh;<!-- [et_pb_line_break_holder] -->    background: #ffffff;<!-- [et_pb_line_break_holder] -->    padding-top: 100px;<!-- [et_pb_line_break_holder] -->    transition: 0.4s cubic-bezier(0.4, 0, 0.2, 1);<!-- [et_pb_line_break_holder] -->    z-index: 100000;<!-- [et_pb_line_break_holder] -->    box-shadow: -10px 0 20px rgba(0,0,0,0.1);<!-- [et_pb_line_break_holder] -->  }<!-- [et_pb_line_break_holder] --><!-- [et_pb_line_break_holder] -->  .nav-menu.active { right: 0; }<!-- [et_pb_line_break_holder] --><!-- [et_pb_line_break_holder] -->  .nav-menu ul.desktop-nav-list {<!-- [et_pb_line_break_holder] -->    flex-direction: column !important;<!-- [et_pb_line_break_holder] -->    align-items: flex-start !important;<!-- [et_pb_line_break_holder] -->    padding: 0 30px;<!-- [et_pb_line_break_holder] -->  }<!-- [et_pb_line_break_holder] --><!-- [et_pb_line_break_holder] -->  .nav-menu ul li { <!-- [et_pb_line_break_holder] -->    margin: 15px 0; <!-- [et_pb_line_break_holder] -->    width: 100%; <!-- [et_pb_line_break_holder] -->  }<!-- [et_pb_line_break_holder] --><!-- [et_pb_line_break_holder] -->  .nav-menu ul li a { <!-- [et_pb_line_break_holder] -->    color: #222 !important; <!-- [et_pb_line_break_holder] -->    margin-left: 0; <!-- [et_pb_line_break_holder] -->    font-size: 18px; <!-- [et_pb_line_break_holder] -->    display: block;<!-- [et_pb_line_break_holder] -->  }<!-- [et_pb_line_break_holder] --><!-- [et_pb_line_break_holder] -->  \/* Space for CTA on Mobile *\/<!-- [et_pb_line_break_holder] -->  .nav-menu ul li a.cta-button {<!-- [et_pb_line_break_holder] -->    margin-top: 20px; \/* Separation from other links *\/<!-- [et_pb_line_break_holder] -->    display: inline-block;<!-- [et_pb_line_break_holder] -->    width: auto;<!-- [et_pb_line_break_holder] -->  }<!-- [et_pb_line_break_holder] -->  <!-- [et_pb_line_break_holder] -->  \/* X Animation *\/<!-- [et_pb_line_break_holder] -->  .nav-toggle.open .bar1 { transform: rotate(-45deg) translate(-5px, 6px); }<!-- [et_pb_line_break_holder] -->  .nav-toggle.open .bar2 { opacity: 0; }<!-- [et_pb_line_break_holder] -->  .nav-toggle.open .bar3 { transform: rotate(45deg) translate(-6px, -7px); }<!-- [et_pb_line_break_holder] -->}<!-- [et_pb_line_break_holder] --><\/style>\n<p><!-- [et_pb_line_break_holder] --><!-- [et_pb_line_break_holder] --><script><!-- [et_pb_line_break_holder] -->document.addEventListener('DOMContentLoaded', function() {<!-- [et_pb_line_break_holder] -->  const header = document.querySelector('.custom-header');<!-- [et_pb_line_break_holder] -->  const toggle = document.querySelector('#mobile-toggle');<!-- [et_pb_line_break_holder] -->  const nav = document.querySelector('.nav-menu');<!-- [et_pb_line_break_holder] --><!-- [et_pb_line_break_holder] -->  window.addEventListener('scroll', () => {<!-- [et_pb_line_break_holder] -->    if (window.scrollY > 50) {<!-- [et_pb_line_break_holder] -->      header.classList.add('scrolled');<!-- [et_pb_line_break_holder] -->    } else {<!-- [et_pb_line_break_holder] -->      header.classList.remove('scrolled');<!-- [et_pb_line_break_holder] -->    }<!-- [et_pb_line_break_holder] -->  });<!-- [et_pb_line_break_holder] --><!-- [et_pb_line_break_holder] -->  toggle.addEventListener('click', (e) => {<!-- [et_pb_line_break_holder] -->    e.preventDefault();<!-- [et_pb_line_break_holder] -->    nav.classList.toggle('active');<!-- [et_pb_line_break_holder] -->    toggle.classList.toggle('open');<!-- [et_pb_line_break_holder] -->  });<!-- [et_pb_line_break_holder] --><!-- [et_pb_line_break_holder] -->  \/\/ Close menu if a link is clicked<!-- [et_pb_line_break_holder] -->  document.querySelectorAll('.nav-menu a').forEach(link => {<!-- [et_pb_line_break_holder] -->    link.addEventListener('click', () => {<!-- [et_pb_line_break_holder] -->      nav.classList.remove('active');<!-- [et_pb_line_break_holder] -->      toggle.classList.remove('open');<!-- [et_pb_line_break_holder] -->    });<!-- [et_pb_line_break_holder] -->  });<!-- [et_pb_line_break_holder] -->});<!-- [et_pb_line_break_holder] --><\/script>[\/et_pb_code][\/et_pb_column][\/et_pb_row][\/et_pb_section][et_pb_section fb_built=&#8221;1&#8243; admin_label=&#8221;Header&#8221; _builder_version=&#8221;4.20.0&#8243; _module_preset=&#8221;default&#8221; background_color=&#8221;gcid-af6245ea-df40-48a8-9687-67293107dc0c&#8221; custom_padding=&#8221;||||false|false&#8221; locked=&#8221;off&#8221; collapsed=&#8221;on&#8221; global_colors_info=&#8221;{%22gcid-af6245ea-df40-48a8-9687-67293107dc0c%22:%91%22background_color%22%93}&#8221;][et_pb_row _builder_version=&#8221;4.27.5&#8243; _module_preset=&#8221;default&#8221; max_width=&#8221;750px&#8221; custom_margin=&#8221;54px||||false|false&#8221; global_colors_info=&#8221;{}&#8221;][et_pb_column type=&#8221;4_4&#8243; _builder_version=&#8221;4.20.0&#8243; _module_preset=&#8221;default&#8221; global_colors_info=&#8221;{}&#8221;][et_pb_text _builder_version=&#8221;4.27.5&#8243; _module_preset=&#8221;7a7d779f-3429-47e0-8d52-e5e24512af76&#8243; header_text_color=&#8221;#FFFFFF&#8221; text_orientation=&#8221;center&#8221; module_alignment=&#8221;center&#8221; custom_margin=&#8221;||10px||false|false&#8221; locked=&#8221;off&#8221; global_colors_info=&#8221;{}&#8221;]<\/p>\n<h1>Contactez-Nous<\/h1>\n<p>[\/et_pb_text][et_pb_text _builder_version=&#8221;4.27.5&#8243; _module_preset=&#8221;9dc4885b-cf3c-46dd-8937-44898e537f4b&#8221; text_text_color=&#8221;rgba(255,255,255,0.7)&#8221; text_orientation=&#8221;center&#8221; global_colors_info=&#8221;{}&#8221;]<\/p>\n<p>Une question technique ou une urgence sur chantier ? Nos experts vous r\u00e9pondent sous 24h<\/p>\n<p>[\/et_pb_text][et_pb_contact_form captcha=&#8221;off&#8221; _builder_version=&#8221;4.27.5&#8243; _module_preset=&#8221;b2386a37-ab47-4cb6-a337-ab213af5cc52&#8243; locked=&#8221;off&#8221; global_colors_info=&#8221;{%22gcid-af6245ea-df40-48a8-9687-67293107dc0c%22:%91%22button_text_color%22%93}&#8221;][et_pb_contact_field field_title=&#8221;Nom&#8221; fullwidth_field=&#8221;on&#8221; _builder_version=&#8221;4.27.5&#8243; _module_preset=&#8221;default&#8221; global_colors_info=&#8221;{}&#8221; button_text_size__hover_enabled=&#8221;off&#8221; button_one_text_size__hover_enabled=&#8221;off&#8221; button_two_text_size__hover_enabled=&#8221;off&#8221; button_text_color__hover_enabled=&#8221;off&#8221; button_one_text_color__hover_enabled=&#8221;off&#8221; button_two_text_color__hover_enabled=&#8221;off&#8221; button_border_width__hover_enabled=&#8221;off&#8221; button_one_border_width__hover_enabled=&#8221;off&#8221; button_two_border_width__hover_enabled=&#8221;off&#8221; button_border_color__hover_enabled=&#8221;off&#8221; button_one_border_color__hover_enabled=&#8221;off&#8221; button_two_border_color__hover_enabled=&#8221;off&#8221; button_border_radius__hover_enabled=&#8221;off&#8221; button_one_border_radius__hover_enabled=&#8221;off&#8221; button_two_border_radius__hover_enabled=&#8221;off&#8221; button_letter_spacing__hover_enabled=&#8221;off&#8221; button_one_letter_spacing__hover_enabled=&#8221;off&#8221; button_two_letter_spacing__hover_enabled=&#8221;off&#8221; button_bg_color__hover_enabled=&#8221;off&#8221; button_one_bg_color__hover_enabled=&#8221;off&#8221; button_two_bg_color__hover_enabled=&#8221;off&#8221;][\/et_pb_contact_field][et_pb_contact_field field_id=&#8221;Email&#8221; field_title=&#8221;Email Address&#8221; field_type=&#8221;email&#8221; fullwidth_field=&#8221;on&#8221; _builder_version=&#8221;4.20.0&#8243; _module_preset=&#8221;default&#8221; global_colors_info=&#8221;{}&#8221; button_text_size__hover_enabled=&#8221;off&#8221; button_one_text_size__hover_enabled=&#8221;off&#8221; button_two_text_size__hover_enabled=&#8221;off&#8221; button_text_color__hover_enabled=&#8221;off&#8221; button_one_text_color__hover_enabled=&#8221;off&#8221; button_two_text_color__hover_enabled=&#8221;off&#8221; button_border_width__hover_enabled=&#8221;off&#8221; button_one_border_width__hover_enabled=&#8221;off&#8221; button_two_border_width__hover_enabled=&#8221;off&#8221; button_border_color__hover_enabled=&#8221;off&#8221; button_one_border_color__hover_enabled=&#8221;off&#8221; button_two_border_color__hover_enabled=&#8221;off&#8221; button_border_radius__hover_enabled=&#8221;off&#8221; button_one_border_radius__hover_enabled=&#8221;off&#8221; button_two_border_radius__hover_enabled=&#8221;off&#8221; button_letter_spacing__hover_enabled=&#8221;off&#8221; button_one_letter_spacing__hover_enabled=&#8221;off&#8221; button_two_letter_spacing__hover_enabled=&#8221;off&#8221; button_bg_color__hover_enabled=&#8221;off&#8221; button_one_bg_color__hover_enabled=&#8221;off&#8221; button_two_bg_color__hover_enabled=&#8221;off&#8221;][\/et_pb_contact_field][et_pb_contact_field field_id=&#8221;Message&#8221; field_title=&#8221;Message&#8221; field_type=&#8221;text&#8221; fullwidth_field=&#8221;on&#8221; _builder_version=&#8221;4.16&#8243; _module_preset=&#8221;default&#8221; global_colors_info=&#8221;{}&#8221; button_text_size__hover_enabled=&#8221;off&#8221; button_one_text_size__hover_enabled=&#8221;off&#8221; button_two_text_size__hover_enabled=&#8221;off&#8221; button_text_color__hover_enabled=&#8221;off&#8221; button_one_text_color__hover_enabled=&#8221;off&#8221; button_two_text_color__hover_enabled=&#8221;off&#8221; button_border_width__hover_enabled=&#8221;off&#8221; button_one_border_width__hover_enabled=&#8221;off&#8221; button_two_border_width__hover_enabled=&#8221;off&#8221; button_border_color__hover_enabled=&#8221;off&#8221; button_one_border_color__hover_enabled=&#8221;off&#8221; button_two_border_color__hover_enabled=&#8221;off&#8221; button_border_radius__hover_enabled=&#8221;off&#8221; button_one_border_radius__hover_enabled=&#8221;off&#8221; button_two_border_radius__hover_enabled=&#8221;off&#8221; button_letter_spacing__hover_enabled=&#8221;off&#8221; button_one_letter_spacing__hover_enabled=&#8221;off&#8221; button_two_letter_spacing__hover_enabled=&#8221;off&#8221; button_bg_color__hover_enabled=&#8221;off&#8221; button_one_bg_color__hover_enabled=&#8221;off&#8221; button_two_bg_color__hover_enabled=&#8221;off&#8221;][\/et_pb_contact_field][\/et_pb_contact_form][\/et_pb_column][\/et_pb_row][et_pb_row column_structure=&#8221;1_3,1_3,1_3&#8243; make_equal=&#8221;on&#8221; _builder_version=&#8221;4.20.0&#8243; _module_preset=&#8221;default&#8221; locked=&#8221;off&#8221; global_colors_info=&#8221;{}&#8221;][et_pb_column type=&#8221;1_3&#8243; _builder_version=&#8221;4.20.0&#8243; _module_preset=&#8221;default&#8221; custom_padding=&#8221;50px|30px|50px|30px|true|true&#8221; border_radii=&#8221;on|10px|10px|10px|10px&#8221; border_width_all=&#8221;2px&#8221; border_color_all=&#8221;gcid-aa5ce8f4-a042-4184-8a76-3f3d083cef18&#8243; global_colors_info=&#8221;{%22gcid-aa5ce8f4-a042-4184-8a76-3f3d083cef18%22:%91%22border_color_all%22%93,%22gcid-8cdb4e16-0e89-4c38-b30b-9fe41127e3f5%22:%91%22border_color_all__hover%22%93}&#8221; border_color_all__hover_enabled=&#8221;on|hover&#8221; border_color_all__hover=&#8221;#e7ac3c&#8221;][et_pb_icon font_icon=&#8221;&#xe076;||divi||400&#8243; icon_color=&#8221;gcid-8cdb4e16-0e89-4c38-b30b-9fe41127e3f5&#8243; icon_width=&#8221;32px&#8221; _builder_version=&#8221;4.20.0&#8243; _module_preset=&#8221;default&#8221; global_colors_info=&#8221;{%22gcid-8cdb4e16-0e89-4c38-b30b-9fe41127e3f5%22:%91%22icon_color%22%93}&#8221;][\/et_pb_icon][et_pb_text _builder_version=&#8221;4.27.5&#8243; _module_preset=&#8221;2c22084e-6851-4300-82ce-a925f7703896&#8243; header_3_text_color=&#8221;#FFFFFF&#8221; text_orientation=&#8221;center&#8221; custom_margin=&#8221;||0px||false|false&#8221; global_colors_info=&#8221;{}&#8221;]<\/p>\n<h3>EMAIL<\/h3>\n<p>[\/et_pb_text][et_pb_text _builder_version=&#8221;4.20.0&#8243; _module_preset=&#8221;a9b76c39-b897-47b5-9862-5b068749cf50&#8243; text_text_color=&#8221;rgba(255,255,255,0.7)&#8221; link_text_color=&#8221;rgba(255,255,255,0.7)&#8221; text_orientation=&#8221;center&#8221; global_colors_info=&#8221;{}&#8221;]<\/p>\n<p><a href=\"mailto:#\">hello@divicargo.com<\/a><\/p>\n<p>[\/et_pb_text][\/et_pb_column][et_pb_column type=&#8221;1_3&#8243; _builder_version=&#8221;4.20.0&#8243; _module_preset=&#8221;default&#8221; custom_padding=&#8221;50px|30px|50px|30px|true|true&#8221; border_radii=&#8221;on|10px|10px|10px|10px&#8221; border_width_all=&#8221;2px&#8221; border_color_all=&#8221;gcid-aa5ce8f4-a042-4184-8a76-3f3d083cef18&#8243; global_colors_info=&#8221;{%22gcid-aa5ce8f4-a042-4184-8a76-3f3d083cef18%22:%91%22border_color_all%22%93,%22gcid-8cdb4e16-0e89-4c38-b30b-9fe41127e3f5%22:%91%22border_color_all__hover%22%93}&#8221; border_color_all__hover_enabled=&#8221;on|hover&#8221; border_color_all__hover=&#8221;#e7ac3c&#8221;][et_pb_icon font_icon=&#8221;&#xe090;||divi||400&#8243; icon_color=&#8221;gcid-8cdb4e16-0e89-4c38-b30b-9fe41127e3f5&#8243; icon_width=&#8221;32px&#8221; _builder_version=&#8221;4.20.0&#8243; _module_preset=&#8221;default&#8221; locked=&#8221;off&#8221; global_colors_info=&#8221;{%22gcid-8cdb4e16-0e89-4c38-b30b-9fe41127e3f5%22:%91%22icon_color%22%93}&#8221;][\/et_pb_icon][et_pb_text _builder_version=&#8221;4.27.5&#8243; _module_preset=&#8221;2c22084e-6851-4300-82ce-a925f7703896&#8243; header_3_text_color=&#8221;#FFFFFF&#8221; text_orientation=&#8221;center&#8221; custom_margin=&#8221;||0px||false|false&#8221; locked=&#8221;off&#8221; global_colors_info=&#8221;{}&#8221;]<\/p>\n<h3>T\u00e9l\u00e9phone<\/h3>\n<p>[\/et_pb_text][et_pb_text _builder_version=&#8221;4.20.0&#8243; _module_preset=&#8221;a9b76c39-b897-47b5-9862-5b068749cf50&#8243; text_text_color=&#8221;rgba(255,255,255,0.7)&#8221; link_text_color=&#8221;rgba(255,255,255,0.7)&#8221; text_orientation=&#8221;center&#8221; locked=&#8221;off&#8221; global_colors_info=&#8221;{}&#8221;]<\/p>\n<p>(255) 352-6258<\/p>\n<p>[\/et_pb_text][\/et_pb_column][et_pb_column type=&#8221;1_3&#8243; _builder_version=&#8221;4.20.0&#8243; _module_preset=&#8221;default&#8221; custom_padding=&#8221;50px|30px|50px|30px|true|true&#8221; border_radii=&#8221;on|10px|10px|10px|10px&#8221; border_width_all=&#8221;2px&#8221; border_color_all=&#8221;gcid-aa5ce8f4-a042-4184-8a76-3f3d083cef18&#8243; global_colors_info=&#8221;{%22gcid-aa5ce8f4-a042-4184-8a76-3f3d083cef18%22:%91%22border_color_all%22%93,%22gcid-8cdb4e16-0e89-4c38-b30b-9fe41127e3f5%22:%91%22border_color_all__hover%22%93}&#8221; border_color_all__hover_enabled=&#8221;on|hover&#8221; border_color_all__hover=&#8221;#e7ac3c&#8221;][et_pb_icon font_icon=&#8221;&#xe081;||divi||400&#8243; icon_color=&#8221;gcid-8cdb4e16-0e89-4c38-b30b-9fe41127e3f5&#8243; icon_width=&#8221;32px&#8221; _builder_version=&#8221;4.20.0&#8243; _module_preset=&#8221;default&#8221; locked=&#8221;off&#8221; global_colors_info=&#8221;{%22gcid-8cdb4e16-0e89-4c38-b30b-9fe41127e3f5%22:%91%22icon_color%22%93}&#8221;][\/et_pb_icon][et_pb_text _builder_version=&#8221;4.27.5&#8243; _module_preset=&#8221;2c22084e-6851-4300-82ce-a925f7703896&#8243; header_3_text_color=&#8221;#FFFFFF&#8221; text_orientation=&#8221;center&#8221; custom_margin=&#8221;||0px||false|false&#8221; locked=&#8221;off&#8221; global_colors_info=&#8221;{}&#8221;]<\/p>\n<h3>Adresse\u00a0<\/h3>\n<p>[\/et_pb_text][et_pb_text _builder_version=&#8221;4.20.0&#8243; _module_preset=&#8221;a9b76c39-b897-47b5-9862-5b068749cf50&#8243; text_text_color=&#8221;rgba(255,255,255,0.7)&#8221; link_text_color=&#8221;rgba(255,255,255,0.7)&#8221; text_orientation=&#8221;center&#8221; locked=&#8221;off&#8221; global_colors_info=&#8221;{}&#8221;]1234 Divi St. #1000, San Francisco, CA 94220[\/et_pb_text][\/et_pb_column][\/et_pb_row][\/et_pb_section]<\/p>\n","protected":false},"excerpt":{"rendered":"<p>Contactez-NousUne question technique ou une urgence sur chantier ? Nos experts vous r\u00e9pondent sous 24hEMAILhello@divicargo.comT\u00e9l\u00e9phone(255) 352-6258Adresse\u00a01234 Divi St. #1000, San Francisco, CA 94220<\/p>\n","protected":false},"author":1,"featured_media":0,"parent":0,"menu_order":0,"comment_status":"closed","ping_status":"closed","template":"","meta":{"_et_pb_use_builder":"on","_et_pb_old_content":"","_et_gb_content_width":"","footnotes":""},"class_list":["post-138","page","type-page","status-publish","hentry"],"_links":{"self":[{"href":"https:\/\/hammamitranslift.com\/index.php\/wp-json\/wp\/v2\/pages\/138","targetHints":{"allow":["GET"]}}],"collection":[{"href":"https:\/\/hammamitranslift.com\/index.php\/wp-json\/wp\/v2\/pages"}],"about":[{"href":"https:\/\/hammamitranslift.com\/index.php\/wp-json\/wp\/v2\/types\/page"}],"author":[{"embeddable":true,"href":"https:\/\/hammamitranslift.com\/index.php\/wp-json\/wp\/v2\/users\/1"}],"replies":[{"embeddable":true,"href":"https:\/\/hammamitranslift.com\/index.php\/wp-json\/wp\/v2\/comments?post=138"}],"version-history":[{"count":5,"href":"https:\/\/hammamitranslift.com\/index.php\/wp-json\/wp\/v2\/pages\/138\/revisions"}],"predecessor-version":[{"id":151,"href":"https:\/\/hammamitranslift.com\/index.php\/wp-json\/wp\/v2\/pages\/138\/revisions\/151"}],"wp:attachment":[{"href":"https:\/\/hammamitranslift.com\/index.php\/wp-json\/wp\/v2\/media?parent=138"}],"curies":[{"name":"wp","href":"https:\/\/api.w.org\/{rel}","templated":true}]}}